{"id":759,"date":"2021-03-07T17:28:51","date_gmt":"2021-03-07T16:28:51","guid":{"rendered":"http:\/\/nexars.bowtieprague.cz\/?page_id=759"},"modified":"2023-11-20T14:37:58","modified_gmt":"2023-11-20T13:37:58","slug":"research","status":"publish","type":"page","link":"https:\/\/www.nexars.com\/en\/research\/","title":{"rendered":"Research"},"content":{"rendered":"<p>[vc_row full_width=&#8221;stretch_row&#8221; css=&#8221;.vc_custom_1621844660766{margin-bottom: 40px !important;padding-top: 50px !important;padding-bottom: 110px !important;background-image: url(https:\/\/www.nexars.com\/wp-content\/uploads\/2021\/02\/NEXARS_Hero_Vyzkum-01-06-1.svg?id=654) !important;background-position: center !important;background-repeat: no-repeat !important;background-size: contain !important;}&#8221; el_class=&#8221;background_center specialbackground&#8221;][vc_column width=&#8221;1\/6&#8243;][\/vc_column][vc_column width=&#8221;2\/3&#8243;]<div class=\" vc_custom_1616674665296\"><h1 style=\"font-weight: 300; line-height: 3.3333333333333rem; text-transform: initial; text-align: center; color: #ffd105; font-size: 3.3333333333333rem\" class=\"custom-title\">Research and Development<\/h1><\/div>[vc_column_text css=&#8221;.vc_custom_1615482361832{padding-top: 60px !important;padding-right: 20px !important;padding-left: 20px !important;}&#8221;]<\/p>\n<p style=\"text-align: center;\">NEXARS is a research organization and our main mission is to carry out basic and applied research and experimental development and disseminate their results through teaching and education of students, publishing in renowned scientific journals and especially rapid transfer to practice.<\/p>\n<p>[\/vc_column_text][vc_row_inner][vc_column_inner offset=&#8221;vc_hidden-lg vc_hidden-md&#8221;][vc_single_image image=&#8221;1167&#8243; el_class=&#8221;normalsvg&#8221; maxwidth=&#8221;700&#8243;][\/vc_column_inner][\/vc_row_inner][\/vc_column][vc_column width=&#8221;1\/6&#8243;][\/vc_column][\/vc_row][vc_row full_width=&#8221;stretch_row&#8221; equal_height=&#8221;yes&#8221; css=&#8221;.vc_custom_1614156776140{padding-top: 20px !important;padding-bottom: 0px !important;background-color: #ffd105 !important;}&#8221;][vc_column width=&#8221;1\/3&#8243;][vc_column_text css=&#8221;.vc_custom_1615134567733{margin-bottom: 0px !important;}&#8221; el_class=&#8221;fontsize20 equalheight&#8221;]<\/p>\n<p style=\"text-align: center;\"><strong><span style=\"color: #666666;\">We research<br \/>\n<\/span><\/strong><strong><span style=\"color: #666666;\">and develop<br \/>\n<\/span><\/strong><\/p>\n<p>[\/vc_column_text][vc_single_image image=&#8221;571&#8243; img_size=&#8221;full&#8221; alignment=&#8221;center&#8221; css=&#8221;.vc_custom_1614156722119{padding-top: 0px !important;padding-bottom: 30px !important;}&#8221; maxwidth=&#8221;125&#8243; el_class=&#8221;noanimation&#8221;][\/vc_column][vc_column width=&#8221;1\/3&#8243;][vc_column_text css=&#8221;.vc_custom_1615134577546{margin-bottom: 0px !important;}&#8221; el_class=&#8221;fontsize20 equalheight&#8221;]<\/p>\n<p style=\"text-align: center;\"><strong><span style=\"color: #666666;\">We respond quickly<br \/>\nto new opportunities\u00a0\u00a0\u00a0 <\/span><\/strong><\/p>\n<p>[\/vc_column_text][vc_single_image image=&#8221;572&#8243; img_size=&#8221;full&#8221; alignment=&#8221;center&#8221; css=&#8221;.vc_custom_1614156727680{padding-top: 0px !important;padding-bottom: 30px !important;}&#8221; maxwidth=&#8221;125&#8243; el_class=&#8221;noanimation&#8221;][\/vc_column][vc_column width=&#8221;1\/3&#8243;][vc_column_text css=&#8221;.vc_custom_1615134594196{margin-bottom: 0px !important;}&#8221; el_class=&#8221;fontsize20 equalheight&#8221;]<\/p>\n<p style=\"text-align: center;\"><strong><span style=\"color: #666666;\">We are developing cooperation<br \/>\nwith public research institutions<\/span><\/strong><\/p>\n<p>[\/vc_column_text][vc_single_image image=&#8221;663&#8243; img_size=&#8221;full&#8221; alignment=&#8221;center&#8221; css=&#8221;.vc_custom_1614508261946{padding-top: 0px !important;padding-bottom: 30px !important;}&#8221; maxwidth=&#8221;125&#8243; el_class=&#8221;noanimation&#8221;][\/vc_column][\/vc_row][vc_row full_width=&#8221;stretch_row&#8221; css=&#8221;.vc_custom_1611077640063{padding-top: 80px !important;padding-bottom: 30px !important;}&#8221;][vc_column]<div class=\" vc_custom_1615134604332\"><h2 style=\"font-weight: 400; line-height: 3.0555555555556rem; text-transform: uppercase; text-align: center; color: #ffd105; font-size: 2.2222222222222rem\" class=\"custom-title\">FIELDS OF OUR RESEARCH<\/h2><\/div>[\/vc_column][\/vc_row][vc_row full_width=&#8221;stretch_row&#8221; content_placement=&#8221;middle&#8221; css=&#8221;.vc_custom_1614510785281{padding-top: 20px !important;padding-bottom: 30px !important;}&#8221;][vc_column width=&#8221;1\/2&#8243;][vc_single_image image=&#8221;694&#8243; img_size=&#8221;full&#8221; alignment=&#8221;center&#8221; maxwidth=&#8221;400&#8243; animationspeed=&#8221;250&#8243;][\/vc_column][vc_column width=&#8221;1\/2&#8243;][vc_column_text el_class=&#8221;speciallist&#8221;]<\/p>\n<ul>\n<li>Laboratory for research of the role of the microbiome for human health.<\/li>\n<li>Laboratory of development and preparation recombinant proteins for therapeutic and diagnostic purposes.<\/li>\n<li>Laboratory of development and preparation of biocompatible nanomaterials.<\/li>\n<\/ul>\n<p>[\/vc_column_text][\/vc_column][\/vc_row][vc_row][vc_column][vc_separator color=&#8221;custom&#8221; accent_color=&#8221;ffd105&#8243;][\/vc_column][\/vc_row][vc_row][vc_column el_class=&#8221;specialTabs&#8221;][vc_tta_tabs active_section=&#8221;1&#8243; el_class=&#8221;specialPanel&#8221;][vc_tta_section i_icon_fontawesome=&#8221;fas fa-flask&#8221; add_icon=&#8221;true&#8221; title=&#8221;Laboratory for research of the role of the microbiome for human health&#8221; tab_id=&#8221;1611511250496-cfeaafd0-8cac351f-632c3d83-a249&#8243;][vc_column_text el_class=&#8221;leftrightimagetext&#8221;]We study microorganisms and their metabolites, including prebiotics and postbiotics,\u00a0in relation to human health.<\/p>\n<p>We are the authors of 18 new microbial strains, of which two original biotechnological production strains are internationally protected under the Patent Procedure under the Budapest Treaty.<\/p>\n<p>For our original strains, we perform shotgun sequencing of the entire genome &#8211; a sample of the publication in the GenBank database <a href=\"https:\/\/www.ncbi.nlm.nih.gov\/nuccore\/JADDRI000000000.1\/\">complete genom sequencing<\/a>[\/vc_column_text][vc_gallery type=&#8221;image_grid&#8221; images=&#8221;338,950,337,704,336&#8243;][\/vc_tta_section][vc_tta_section i_icon_fontawesome=&#8221;fas fa-dna&#8221; add_icon=&#8221;true&#8221; title=&#8221;Laboratory of development and preparation recombinant proteins for therapeutic and diagnostic purposes&#8221; tab_id=&#8221;1611511253104-7381288e-0871351f-632c3d83-a249&#8243;][vc_column_text el_class=&#8221;leftrightimagetext&#8221;]We develop and prepare recombinant proteins expressed in eukaryotic and prokaryotic expression systems for vaccine development and production. We use modern bioreactors such as &#8220;rocking wave&#8221;, hollow fiber &#8220;and&#8221; stirred wessel &#8220;.<\/p>\n<p>We cooperate with leading research institutions in the Czech Republic on the design and development of recombinant proteins.[\/vc_column_text][vc_gallery type=&#8221;image_grid&#8221; images=&#8221;347,349,348,346&#8243;][\/vc_tta_section][vc_tta_section i_icon_fontawesome=&#8221;fas fa-microscope&#8221; add_icon=&#8221;true&#8221; title=&#8221;Laboratory of development and preparation of biocompatible nanomaterials&#8221; tab_id=&#8221;1611511250511-2a315200-e6e0351f-632c3d83-a249&#8243;][vc_column_text el_class=&#8221;leftrightimagetext&#8221;]We develop and prepare functionalized biocompatible nanomaterials as API carriers for pharmaceutical applications.<\/p>\n<p>In our laboratory, we use technology that allows us to prepare various types of nanofibrous materials in a unique way by spinning from the free surface of a polymer solution in a strong electrostatic field.<\/p>\n<p>We develop and prepare nanoparticulate drug carriers based on liposomes, lipodiscs and nanolipid emulsions using microfluidic high-pressure homogenization and microfluidic mixing.<\/p>\n<p>In the field of nanotechnologies, we cooperate with renowned institutions in the country and worldwide.<\/p>\n<p>The application of our nanocarriers in medicine is very wide, from vaccinations to the treatment of cancer.[\/vc_column_text][vc_gallery type=&#8221;image_grid&#8221; images=&#8221;341,340,345,344,343&#8243;][\/vc_tta_section][\/vc_tta_tabs][\/vc_column][\/vc_row][vc_row full_width=&#8221;stretch_row&#8221; equal_height=&#8221;yes&#8221; content_placement=&#8221;middle&#8221; css=&#8221;.vc_custom_1615547635647{padding-top: 30px !important;padding-bottom: 50px !important;background-color: #efefef !important;}&#8221;][vc_column width=&#8221;1\/6&#8243; el_class=&#8221;row_01&#8243;][vc_single_image image=&#8221;601&#8243; img_size=&#8221;full&#8221; alignment=&#8221;center&#8221; maxwidth=&#8221;68&#8243; el_class=&#8221;noanimation&#8221; css=&#8221;.vc_custom_1615547716231{margin-top: 90px !important;}&#8221;][\/vc_column][vc_column width=&#8221;2\/3&#8243;]<div class=\" vc_custom_1615134763376\"><h2 style=\"font-weight: 400; line-height: 3.0555555555556rem; text-transform: uppercase; text-align: center; color: #706d61; font-size: 2.2222222222222rem\" class=\"custom-title\">AWARDS<\/h2><\/div><div class=\"row\"><div class=\"col-12  ocenenicarousel owl-carousel\"><div class=\"col-12 single\"><p>Honorable mention in the competition<\/br>\r\nfor the <a href=\"https:\/\/www.nexars.com\/wp-content\/uploads\/2021\/02\/NEXARS_Cestne_uznani_Inovace_3_12_2019_IC_SA_ENG.pdf\" target=\"_blank\" rel=\"noopener\"><strong>Innovation Award of 2019.<\/strong><\/a><\/p><\/div><div class=\"col-12 single\"><p>Our company was chosen as a model for the meeting of the academic and state spheres of the Ministry of Industry and Trade of the Czech Republic.<\/p><\/div><div class=\"col-12 single\"><p>Our Head of Research and Development Doc. RNDr. Jaroslav Turanek, DSc. is the holder of the <strong>Award of the Minister of Agriculture of the Czech Republic for the best realized result of research and experimental development<\/strong> in 2016 entitled \"Safe adjuvants and liposomal carriers for the construction of recombinant vaccines\"<\/p><\/div><div class=\"col-12 single\"><p>Head of Research and Development Doc. RNDr. Jaroslav Turanek, DSc. and members of the Scientific Board of NEXARS prof. MUDr. Milan Raska, Ph.D. and doc. Ing. Irena Kratochv\u00edlov\u00e1, Ph.D. are members of the team led by J. Tur\u00e1nek, who won 1st place in the TA\u010cR competition Award in the category SOLUTIONS FOR QUALITY OF LIFE \"Multiepitope synthetic vaccine against borreliosis for veterinary applications\" (<a href=\"https:\/\/www.youtube.com\/watch?v=wGFgZAIaCz0\">Award TA \u010cR 2015 - Vaccine against borreliosis<\/a>).<\/p><\/div><\/div><\/div>[\/vc_column][vc_column width=&#8221;1\/6&#8243; offset=&#8221;vc_hidden-sm vc_hidden-xs&#8221;][vc_single_image image=&#8221;601&#8243; img_size=&#8221;full&#8221; alignment=&#8221;center&#8221; maxwidth=&#8221;68&#8243; el_class=&#8221;noanimation&#8221; css=&#8221;.vc_custom_1615547721146{margin-top: 90px !important;}&#8221;][\/vc_column][\/vc_row][vc_row full_width=&#8221;stretch_row&#8221; css=&#8221;.vc_custom_1611146870612{padding-top: 50px !important;padding-bottom: 80px !important;}&#8221;][vc_column el_class=&#8221;row_01&#8243;]<div class=\" vc_custom_1615135723337\"><h2 style=\"font-weight: 400; line-height: 3.0555555555556rem; text-transform: uppercase; text-align: center; color: #706d61; font-size: 2.2222222222222rem\" class=\"custom-title\">CURRENT REASEARCH PROJECTS<\/h2><\/div><div class=\"row projektycarousel owl-carousel\"><div class=\"col-12 single\"><h3>FV20572 Adjuvant therapy<\/h3><p>The main goal of the project is to supplement the existing cancer and COVID-19 therapy.<\/p><\/div><div class=\"col-12 single\"><h3>FV40233 &#8211; Research and development of processes of microbial hydrolysis for the preparation of components with high biological value<\/h3><p>The aim of the project is to develop an immuno-nutritional intervention for risk patients (before \/ after surgery) or seniors with COVID-19.<\/p><\/div><div class=\"col-12 single\"><h3>FV40233 &#8211; Research and development of processes of microbial hydrolysis for the preparation of components with high biological value<\/h3><p>The aim of the project is to look for ways to influence the production of neurotransmitters in the intestine through a microbiota and thus supplement the existing therapy without side effects.<\/p><\/div><div class=\"col-12 single\"><h3>FV40120 &#8211; Biotechnological production of biologically active substances for food and medical use<\/h3><p>The project deals with the research of functional foods with health benefits and the minimization of the negative impacts of industrial processing.<\/p><\/div><div class=\"col-12 single\"><h3>FV40231 &#8211; Innovative platform for determination of bioactive compounds<\/h3><p>The project deals with the possibility of non-invasive diagnostics using the latest technical means.<\/p><\/div><div class=\"col-12 single\"><h3>IP 073-20-18 &#8211; Development of a recombinant Covid-19 vaccine<\/h3><p>Development of a recombinant Covid-19 vaccine and its preclinical studies.<\/p><\/div><div class=\"col-12 single\"><h3>CZ.01.1.02\/0.0\/0.0\/20_338\/0024139 &#8211; Project \u201eREBIONVAC\u201d<\/h3><p>Establishment of a new research and innovation capacity focused on the preparation of recombinant proteins for therapeutic and diagnostic purposes in cleanrooms.<\/p><\/div><div class=\"col-12 single\"><h3>IP 073-20-21 &#8211; Development of pseudoviruses<\/h3><p>Development of pseudoviruses (currently including new mutations) to improve testing of neutralizing antibodies in serum and increase the availability of blood plasma therapy from cured patients as an effective replacement for antibodies currently unavailable in the Czech Republic.<\/p><\/div><div class=\"col-12 single\"><h3>IP 073-21-08 &#8211; Transfer to the production of an internal project IP 073-20-18<\/h3><p>Preparation of a recombinant Covid-19 vaccine (including new mutations) - formulated for injection.<\/p><\/div><div class=\"col-12 single\"><h3>IP 073-21-07 &#8211; Development of therapeutic monoclonal antibodies against SARS-CoV-2 and its variants<\/h3><p>Development of therapeutic monoclonal antibodies (mAB) against SARS-CoV-2 using procedures and methods in vaccine development.<\/p><\/div><\/div>[\/vc_column][\/vc_row][vc_row full_width=&#8221;stretch_row&#8221; css=&#8221;.vc_custom_1611146961731{padding-top: 40px !important;padding-bottom: 0px !important;background-color: #ffd105 !important;}&#8221;][vc_column]<div class=\" vc_custom_1615134780106\"><h2 style=\"font-weight: 400; line-height: 3.0555555555556rem; text-transform: uppercase; text-align: center; color: #706d61; font-size: 2.2222222222222rem\" class=\"custom-title\">OUR RESEARCH AND DEVELOPMENT IN NUMBERS<\/h2><\/div>[\/vc_column][\/vc_row][vc_row full_width=&#8221;stretch_row&#8221; css=&#8221;.vc_custom_1611146973728{padding-top: 20px !important;padding-bottom: 70px !important;background-color: #ffd105 !important;}&#8221;][vc_column width=&#8221;1\/6&#8243;][vc_column_text el_class=&#8221;marketpro countup&#8221;]<\/p>\n<p class=\"countup\" style=\"text-align: center;\" data-count=\"3\">3<\/p>\n<p>[\/vc_column_text][vc_column_text]<\/p>\n<p style=\"text-align: center;\"><strong><span style=\"color: #666666;\">Fields of research<br \/>\nand development <\/span><\/strong><\/p>\n<p>[\/vc_column_text][\/vc_column][vc_column width=&#8221;1\/6&#8243;][vc_column_text el_class=&#8221;marketpro countup&#8221;]<\/p>\n<p class=\"countup\" style=\"text-align: center;\" data-count=\"2000\">2000<\/p>\n<p>[\/vc_column_text][vc_column_text]<\/p>\n<p style=\"text-align: center;\"><strong><span style=\"color: #666666;\">m<sup>2<\/sup> of laboratories<br \/>\n<\/span><\/strong><\/p>\n<p>[\/vc_column_text][\/vc_column][vc_column width=&#8221;1\/6&#8243;][vc_column_text el_class=&#8221;marketpro countup&#8221;]<\/p>\n<p class=\"countup\" style=\"text-align: center;\" data-count=\"10\">10<\/p>\n<p>[\/vc_column_text][vc_column_text]<\/p>\n<p style=\"text-align: center;\"><strong><span style=\"color: #666666;\">Current<br \/>\nprojects <\/span><\/strong><\/p>\n<p>[\/vc_column_text][\/vc_column][vc_column width=&#8221;1\/6&#8243;][vc_column_text el_class=&#8221;marketpro countup&#8221;]<\/p>\n<p class=\"countup\" style=\"text-align: center;\" data-count=\"18\">18<\/p>\n<p>[\/vc_column_text][vc_column_text]<\/p>\n<p style=\"text-align: center;\"><strong><span style=\"color: #666666;\">New microbial<br \/>\nstrains<\/span><\/strong><\/p>\n<p>[\/vc_column_text][\/vc_column][vc_column width=&#8221;1\/6&#8243;][vc_column_text el_class=&#8221;marketpro countup&#8221;]<\/p>\n<p class=\"countup\" style=\"text-align: center;\" data-count=\"4\">4<\/p>\n<p>[\/vc_column_text][vc_column_text]<\/p>\n<p style=\"text-align: center;\"><strong><span style=\"color: #666666;\">Products<br \/>\non the market <\/span><\/strong><\/p>\n<p>[\/vc_column_text][\/vc_column][vc_column width=&#8221;1\/6&#8243;][vc_column_text el_class=&#8221;marketpro countup&#8221;]<\/p>\n<p class=\"countup\" style=\"text-align: center;\" data-count=\"2\">2<\/p>\n<p>[\/vc_column_text][vc_column_text]<\/p>\n<p style=\"text-align: center;\"><strong><span style=\"color: #666666;\">papers in peer<br \/>\nreviewed journals<\/span><\/strong><\/p>\n<p>[\/vc_column_text][\/vc_column][\/vc_row][vc_row full_width=&#8221;stretch_row&#8221; css=&#8221;.vc_custom_1612185786531{padding-top: 80px !important;padding-bottom: 20px !important;}&#8221;][vc_column el_class=&#8221;row_01&#8243;]<div class=\" vc_custom_1615134872037\"><h2 style=\"font-weight: 400; line-height: 3.0555555555556rem; text-transform: uppercase; text-align: center; color: #706d61; font-size: 2.2222222222222rem\" class=\"custom-title\">SCIENTIFIC COUNCIL<\/h2><\/div>[vc_column_text]<\/p>\n<p style=\"text-align: center;\">Our Scientific Council serves as an advisory body for strategic decision-making and concept development. It is composed of experts in the fields of immunology and immunotherapy, bio and nanotechnology, design and development of recombinant proteins, preclinical testing and GMP.<\/p>\n<p>[\/vc_column_text][vc_column_text]<\/p>\n<p>[\/vc_column_text][\/vc_column][\/vc_row][vc_row disable_element=&#8221;yes&#8221; css=&#8221;.vc_custom_1700487466749{padding-top: 20px !important;padding-bottom: 45px !important;}&#8221; el_id=&#8221;ScientificCouncil&#8221;][vc_column]<div class=\"row rada\"><div data-title=\"Prof. RNDr. Ji\u0159\u00ed Damborsk\u00fd, Dr.\" data-content=\"Member of the Scientific Council\" class=\"col-77 single_thumb\"><div class=\"hoverblock\"><img decoding=\"async\" src=\"https:\/\/www.nexars.com\/wp-content\/uploads\/2021\/03\/damborsky.jpg\" \/><img decoding=\"async\" class=\"hoverhide\" src=\"\/wp-content\/uploads\/2021\/02\/Rada_Hover-01.svg\" \/><a style=\"display: block; width: 100%; height: 100%; position: absolute; top: 0; left: 0;\" download href=\"https:\/\/www.nexars.com\/wp-content\/uploads\/2021\/02\/VR_damborsky.pdf\"><\/a><\/div><\/div><div data-title=\"Doc. Ing. Irena Kratochvilov\u00e1, Ph.D.\" data-content=\"Member of the Scientific Council\" class=\"col-77 single_thumb\"><div class=\"hoverblock\"><img decoding=\"async\" src=\"https:\/\/www.nexars.com\/wp-content\/uploads\/2021\/03\/kratochvilova.jpg\" \/><img decoding=\"async\" class=\"hoverhide\" src=\"\/wp-content\/uploads\/2021\/02\/Rada_Hover-01.svg\" \/><a style=\"display: block; width: 100%; height: 100%; position: absolute; top: 0; left: 0;\" download href=\"https:\/\/www.nexars.com\/wp-content\/uploads\/2021\/02\/VR_kratochvilova.pdf\"><\/a><\/div><\/div><div data-title=\"Prof. RNDr. Jan Krejsek, Ph.D.\" data-content=\"Member of the Scientific Council\" class=\"col-77 single_thumb\"><div class=\"hoverblock\"><img decoding=\"async\" src=\"https:\/\/www.nexars.com\/wp-content\/uploads\/2021\/03\/kejsek.jpg\" \/><img decoding=\"async\" class=\"hoverhide\" src=\"\/wp-content\/uploads\/2021\/02\/Rada_Hover-01.svg\" \/><a style=\"display: block; width: 100%; height: 100%; position: absolute; top: 0; left: 0;\" download href=\"https:\/\/www.nexars.com\/wp-content\/uploads\/2021\/02\/VR_krejsek.pdf\"><\/a><\/div><\/div><div data-title=\"Prof. MUDr. Pavel Mart\u00e1sek, DrSc., FCMA\" data-content=\"Member of the Scientific Council\" class=\"col-77 single_thumb\"><div class=\"hoverblock\"><img decoding=\"async\" src=\"https:\/\/www.nexars.com\/wp-content\/uploads\/2021\/03\/martasek.jpg\" \/><img decoding=\"async\" class=\"hoverhide\" src=\"\/wp-content\/uploads\/2021\/02\/Rada_Hover-01.svg\" \/><a style=\"display: block; width: 100%; height: 100%; position: absolute; top: 0; left: 0;\" download href=\"https:\/\/www.nexars.com\/wp-content\/uploads\/2021\/02\/VR_martasek.pdf\"><\/a><\/div><\/div><div data-title=\"Prof. MUDr. et Mgr. Milan Ra\u0161ka, Ph.D\" data-content=\"Member of the Scientific Council\" class=\"col-77 single_thumb\"><div class=\"hoverblock\"><img decoding=\"async\" src=\"https:\/\/www.nexars.com\/wp-content\/uploads\/2021\/03\/A92Z2532.jpg\" \/><img decoding=\"async\" class=\"hoverhide\" src=\"\/wp-content\/uploads\/2021\/02\/Rada_Hover-01.svg\" \/><a style=\"display: block; width: 100%; height: 100%; position: absolute; top: 0; left: 0;\" download href=\"https:\/\/www.nexars.com\/wp-content\/uploads\/2021\/02\/VR_raska.pdf\"><\/a><\/div><\/div><div data-title=\"Prof. MUDr. Vojt\u011bch Thon, Ph.D.\" data-content=\"Member of the Scientific Council\" class=\"col-77 single_thumb\"><div class=\"hoverblock\"><img decoding=\"async\" src=\"https:\/\/www.nexars.com\/wp-content\/uploads\/2021\/03\/A92Z2511.jpg\" \/><img decoding=\"async\" class=\"hoverhide\" src=\"\/wp-content\/uploads\/2021\/02\/Rada_Hover-01.svg\" \/><a style=\"display: block; width: 100%; height: 100%; position: absolute; top: 0; left: 0;\" download href=\"https:\/\/www.nexars.com\/wp-content\/uploads\/2021\/02\/VR_thon.pdf\"><\/a><\/div><\/div><\/div><div class=\"row rada\"><div class=\"col-12\"><h4 class=\"radatitle\">&nbsp;<\/h4><p class=\"radatext\">&nbsp;<\/p><\/div><\/div>[vc_empty_space height=&#8221;70&#8243;][vc_column_text el_class=&#8221;leftrightimagetext&#8221;]<\/p>\n<p style=\"text-align: center;\">The participation of highly erudite experts in the NEXARS Scientific Council is a prerequisite for ensuring a high scientific and organizational level of our activities.<\/p>\n<p>[\/vc_column_text][\/vc_column][\/vc_row]<\/p>\n","protected":false},"excerpt":{"rendered":"<p>[vc_row full_width=&#8221;stretch_row&#8221; css=&#8221;.vc_custom_1621844660766{margin-bottom: 40px !important;padding-top: 50px !important;padding-bottom: 110px !important;background-image: url(https:\/\/www.nexars.com\/wp-content\/uploads\/2021\/02\/NEXARS_Hero_Vyzkum-01-06-1.svg?id=654) !important;background-position: center !important;background-repeat: no-repeat !important;background-size: contain !important;}&#8221; el_class=&#8221;background_center specialbackground&#8221;][vc_column width=&#8221;1\/6&#8243;][\/vc_column][vc_column width=&#8221;2\/3&#8243;][vc_column_text css=&#8221;.vc_custom_1615482361832{padding-top: 60px !important;padding-right: 20px !important;padding-left: 20px !important;}&#8221;] NEXARS is a research organization and our main mission is to carry out basic and applied research and experimental development and disseminate their results through teaching and [&hellip;]<\/p>\n","protected":false},"author":2,"featured_media":0,"parent":0,"menu_order":0,"comment_status":"closed","ping_status":"closed","template":"","meta":{"footnotes":""},"class_list":["post-759","page","type-page","status-publish","hentry"],"yoast_head":"<!-- This site is optimized with the Yoast SEO plugin v15.7 - https:\/\/yoast.com\/wordpress\/plugins\/seo\/ -->\n<title>Research - NEXARS<\/title>\n<meta name=\"robots\" content=\"index, follow, max-snippet:-1, max-image-preview:large, max-video-preview:-1\" \/>\n<link rel=\"canonical\" href=\"https:\/\/www.nexars.com\/en\/research\/\" \/>\n<meta property=\"og:locale\" content=\"en_US\" \/>\n<meta property=\"og:type\" content=\"article\" \/>\n<meta property=\"og:title\" content=\"Research - NEXARS\" \/>\n<meta property=\"og:description\" content=\"[vc_row full_width=&#8221;stretch_row&#8221; css=&#8221;.vc_custom_1621844660766{margin-bottom: 40px !important;padding-top: 50px !important;padding-bottom: 110px !important;background-image: url(https:\/\/www.nexars.com\/wp-content\/uploads\/2021\/02\/NEXARS_Hero_Vyzkum-01-06-1.svg?id=654) !important;background-position: center !important;background-repeat: no-repeat !important;background-size: contain !important;}&#8221; el_class=&#8221;background_center specialbackground&#8221;][vc_column width=&#8221;1\/6&#8243;][\/vc_column][vc_column width=&#8221;2\/3&#8243;][vc_column_text css=&#8221;.vc_custom_1615482361832{padding-top: 60px !important;padding-right: 20px !important;padding-left: 20px !important;}&#8221;] NEXARS is a research organization and our main mission is to carry out basic and applied research and experimental development and disseminate their results through teaching and [&hellip;]\" \/>\n<meta property=\"og:url\" content=\"https:\/\/www.nexars.com\/en\/research\/\" \/>\n<meta property=\"og:site_name\" content=\"NEXARS\" \/>\n<meta property=\"article:modified_time\" content=\"2023-11-20T13:37:58+00:00\" \/>\n<meta name=\"twitter:card\" content=\"summary_large_image\" \/>\n<meta name=\"twitter:label1\" content=\"Est. reading time\">\n\t<meta name=\"twitter:data1\" content=\"4 minutes\">\n<script type=\"application\/ld+json\" class=\"yoast-schema-graph\">{\"@context\":\"https:\/\/schema.org\",\"@graph\":[{\"@type\":\"WebSite\",\"@id\":\"https:\/\/www.nexars.com\/en\/#website\",\"url\":\"https:\/\/www.nexars.com\/en\/\",\"name\":\"NEXARS\",\"description\":\"\",\"potentialAction\":[{\"@type\":\"SearchAction\",\"target\":\"https:\/\/www.nexars.com\/en\/?s={search_term_string}\",\"query-input\":\"required name=search_term_string\"}],\"inLanguage\":\"en-US\"},{\"@type\":\"WebPage\",\"@id\":\"https:\/\/www.nexars.com\/en\/research\/#webpage\",\"url\":\"https:\/\/www.nexars.com\/en\/research\/\",\"name\":\"Research - NEXARS\",\"isPartOf\":{\"@id\":\"https:\/\/www.nexars.com\/en\/#website\"},\"datePublished\":\"2021-03-07T16:28:51+00:00\",\"dateModified\":\"2023-11-20T13:37:58+00:00\",\"inLanguage\":\"en-US\",\"potentialAction\":[{\"@type\":\"ReadAction\",\"target\":[\"https:\/\/www.nexars.com\/en\/research\/\"]}]}]}<\/script>\n<!-- \/ Yoast SEO plugin. -->","_links":{"self":[{"href":"https:\/\/www.nexars.com\/en\/wp-json\/wp\/v2\/pages\/759","targetHints":{"allow":["GET"]}}],"collection":[{"href":"https:\/\/www.nexars.com\/en\/wp-json\/wp\/v2\/pages"}],"about":[{"href":"https:\/\/www.nexars.com\/en\/wp-json\/wp\/v2\/types\/page"}],"author":[{"embeddable":true,"href":"https:\/\/www.nexars.com\/en\/wp-json\/wp\/v2\/users\/2"}],"replies":[{"embeddable":true,"href":"https:\/\/www.nexars.com\/en\/wp-json\/wp\/v2\/comments?post=759"}],"version-history":[{"count":30,"href":"https:\/\/www.nexars.com\/en\/wp-json\/wp\/v2\/pages\/759\/revisions"}],"predecessor-version":[{"id":1363,"href":"https:\/\/www.nexars.com\/en\/wp-json\/wp\/v2\/pages\/759\/revisions\/1363"}],"wp:attachment":[{"href":"https:\/\/www.nexars.com\/en\/wp-json\/wp\/v2\/media?parent=759"}],"curies":[{"name":"wp","href":"https:\/\/api.w.org\/{rel}","templated":true}]}}