{"id":22,"date":"2021-01-18T21:29:31","date_gmt":"2021-01-18T20:29:31","guid":{"rendered":"https:\/\/nexars.majwee.com\/?page_id=22"},"modified":"2021-03-25T12:24:22","modified_gmt":"2021-03-25T11:24:22","slug":"homepage","status":"publish","type":"page","link":"https:\/\/www.nexars.com\/cs\/","title":{"rendered":"Domovsk\u00e1 str\u00e1nka"},"content":{"rendered":"<p>[vc_row full_width=&#8221;stretch_row_content&#8221; css=&#8221;.vc_custom_1616671460400{padding-top: 150px !important;padding-bottom: 450px !important;background: #ffc10e url(https:\/\/www.nexars.com\/wp-content\/uploads\/2021\/03\/Anim_10_FINAL_web-01_Animated_CSS-3.svg?id=717) !important;background-position: center !important;background-repeat: no-repeat !important;background-size: contain !important;}&#8221; el_class=&#8221;background_center homeanimation&#8221;][vc_column][\/vc_column][\/vc_row][vc_row][vc_column css=&#8221;.vc_custom_1611002807663{margin-top: -180px !important;}&#8221;][vc_row_inner][vc_column_inner width=&#8221;1\/2&#8243;][vc_column_text css=&#8221;.vc_custom_1611005961067{margin-bottom: 10px !important;}&#8221;]<\/p>\n<h4><span style=\"color: #ffffff;\">AKTU\u00c1LN\u011a V NEXARS<\/span><\/h4>\n<p>[\/vc_column_text][\/vc_column_inner][vc_column_inner width=&#8221;1\/2&#8243;][vc_column_text css=&#8221;.vc_custom_1615283549183{margin-bottom: 10px !important;}&#8221;][\/vc_column_text][\/vc_column_inner][\/vc_row_inner][vc_row_inner][vc_column_inner el_class=&#8221;dropshadowrow radiusblock&#8221; css=&#8221;.vc_custom_1614507763978{padding-top: 30px !important;padding-right: 40px !important;padding-left: 40px !important;background-color: #ffffff !important;}&#8221;]<div class=\"row frontendposts\"><div class=\"col-12 col-sm-6 single\" style=\"background-image: url(https:\/\/www.nexars.com\/wp-content\/uploads\/2021\/03\/About_01-02-2-e1701623500415.png)\"><h3>Tiskov\u00e1 zpr\u00e1va<\/h3><p>22.11.2023, Tiskov\u00e1 zpr\u00e1va V\u00fdzkumn\u00e9 organizace NEXARS <br \/>\r\n<br \/>\r\n<a  style=\"background-color: #ffc10e;  padding: 6px;   border-radius: 3px;   color: #636466;\" href=\"https:\/\/www.nexars.com\/wp-content\/uploads\/2023\/12\/TZ_22_11_2023.pdf\" target=\"_blank\" rel=\"noopener\">St\u00e1hnout zpr\u00e1vu<\/a><\/p><a href=\"https:\/\/www.nexars.com\/cs\/tiskova-zprava\/\" class=\"vc_general vc_btn3 underline\" style=\"display: none !important; color: #0a0a0a\">DOZV\u011aD\u011aT V\u00cdCE<\/a><\/div><div class=\"col-12 col-sm-6 single\" style=\"background-image: url(https:\/\/www.nexars.com\/wp-content\/uploads\/2022\/04\/novinka_sa-1.jpg)\"><h3>Nov\u00e1 metoda monitorov\u00e1n\u00ed v\u00fdskytu covid-19 v\u00fdrazn\u011b \u0161et\u0159\u00ed n\u00e1klady a umo\u017e\u0148uje p\u0159esn\u011bji p\u0159edv\u00eddat v\u00fdvoj<\/h3><p>26. 4. 2022, MLAD\u00c1 BOLESLAV \u2013 V\u00fdzkumn\u00e1 organizace NEXARS vyvinula <\/em>ve <em>spolupr\u00e1ci s \u0160KODA AUTO novou metodu monitorov\u00e1n\u00ed v\u00fdskytu koronaviru SARS-CoV-2 z odpadn\u00edch vod. Nezat\u011b\u017euje zam\u011bstnance, \u0161et\u0159\u00ed finan\u010dn\u00ed zdroje a nav\u00edc umo\u017e\u0148uje velmi p\u0159esn\u00e9 predikce v\u00fdvoje.<br \/>\r\n<br \/>\r\n<a  style=\"background-color: #ffc10e;  padding: 6px;   border-radius: 3px;   color: #636466;\" href=\"https:\/\/www.nexars.com\/wp-content\/uploads\/2022\/04\/TZ-Nova\u0301-metoda-monitorova\u0301ni\u0301-vy\u0301skytu-covid.pdf\" target=\"_blank\" rel=\"noopener\">St\u00e1hnout zpr\u00e1vu<\/a><\/p><a href=\"https:\/\/www.nexars.com\/cs\/nova-metoda-monitorovani-vyskytu-covid-19-vyrazne-setri-naklady-a-umoznuje-presneji-predvidat-vyvoj\/\" class=\"vc_general vc_btn3 underline\" style=\"display: none !important; color: #0a0a0a\">DOZV\u011aD\u011aT V\u00cdCE<\/a><\/div><\/div>[\/vc_column_inner][\/vc_row_inner][\/vc_column][\/vc_row][vc_row full_width=&#8221;stretch_row&#8221; css=&#8221;.vc_custom_1611004145808{padding-top: 80px !important;padding-bottom: 30px !important;}&#8221;][vc_column width=&#8221;1\/2&#8243;][vc_single_image image=&#8221;582&#8243; img_size=&#8221;full&#8221; alignment=&#8221;center&#8221; maxwidth=&#8221;380&#8243;][\/vc_column][vc_column width=&#8221;1\/2&#8243;][vc_column_text el_class=&#8221;leftrightimagetext&#8221;]<\/p>\n<h2><span style=\"color: #ffd105;\">Aplikovan\u00fd v\u00fdzkum<\/span><br \/>\n<span style=\"color: #ffd105;\">a experiment\u00e1ln\u00ed v\u00fdvoj<\/span><\/h2>\n<p>Investice do v\u00fdzkumu a v\u00fdvoje bio a nanotechnologi\u00ed jsou prioritou na\u0161\u00ed v\u00fdzkumn\u00e9 organizace, proto\u017ee pouze rychl\u00e9 uv\u00e1d\u011bn\u00ed nejnov\u011bj\u0161\u00edch poznatk\u016f do praxe a neust\u00e1l\u00e9 inovace zajist\u00ed na\u0161\u00ed budoucnost.<\/p>\n<p>Ambici\u00f3zn\u00ed c\u00edle jsou konzultov\u00e1ny se strategick\u00fdm poradn\u00edm org\u00e1nem spole\u010dnosti <a href=\"https:\/\/www.nexars.com\/vyzkum\/#vedeckarada\">V\u011bdeckou radou<\/a> slo\u017eenou z p\u0159edn\u00edch osobnosti \u010desk\u00e9 v\u011bdy.[\/vc_column_text][vc_btn title=&#8221;V\u00cdCE O NA\u0160EM V\u00ddZKUMU&#8221; underlineimage=&#8221;15&#8243; underlinecolor=&#8221;#ffd105&#8243; textcolor=&#8221;#0a0a0a&#8221; css=&#8221;.vc_custom_1611582357912{margin-top: 30px !important;}&#8221; link=&#8221;url:%2Fvyzkum%2F|title:V%C3%ADce%20o%20na%C5%A1e%20v%C3%BDzkumu&#8221;][\/vc_column][\/vc_row][vc_row full_width=&#8221;stretch_row&#8221; css=&#8221;.vc_custom_1611004842411{background-color: #efefef !important;}&#8221; el_class=&#8221;specialwidthrows&#8221;][vc_column width=&#8221;1\/2&#8243; el_class=&#8221;row_01&#8243;][vc_column_text css=&#8221;.vc_custom_1613645671103{padding-top: 40px !important;}&#8221; el_class=&#8221;leftrightimagetext&#8221;]<\/p>\n<h2 style=\"text-align: right;\"><span style=\"color: #484848;\">Garantovan\u00e9 informace<\/span><br \/>\n<span style=\"color: #484848;\">s odborn\u00fdm dohledem<\/span><\/h2>\n<p style=\"text-align: right;\">Zdrav\u00ed je to nejcenn\u011bj\u0161\u00ed co m\u00e1me, a proto na na\u0161\u00edch str\u00e1nk\u00e1ch V\u00e1m p\u0159in\u00e1\u0161\u00edme pouze garantovan\u00e9 informace, kter\u00e9 pro\u0161ly odborn\u00fdm dohledem.<\/p>\n<p>[\/vc_column_text][vc_btn title=&#8221;V\u00edce o VZD\u011aL\u00c1V\u00c1N\u00cd&#8221; align=&#8221;right&#8221; underlineimage=&#8221;15&#8243; underlinecolor=&#8221;#ffd105&#8243; textcolor=&#8221;#0a0a0a&#8221; css=&#8221;.vc_custom_1611582275028{margin-top: 30px !important;}&#8221; link=&#8221;url:%2Fvzdelavani%2F|title:Vzd%C4%9Bl%C3%A1v%C3%A1n%C3%AD&#8221;][\/vc_column][vc_column width=&#8221;1\/2&#8243; el_class=&#8221;row_02&#8243;][vc_single_image image=&#8221;584&#8243; img_size=&#8221;full&#8221; alignment=&#8221;center&#8221; maxwidth=&#8221;358&#8243; css=&#8221;.vc_custom_1614157222146{margin-bottom: 0px !important;}&#8221;][\/vc_column][\/vc_row][vc_row full_width=&#8221;stretch_row&#8221; css=&#8221;.vc_custom_1611004242401{padding-top: 50px !important;padding-bottom: 60px !important;}&#8221;][vc_column width=&#8221;1\/2&#8243;][vc_single_image image=&#8221;625&#8243; img_size=&#8221;full&#8221; alignment=&#8221;center&#8221; maxwidth=&#8221;520&#8243;][\/vc_column][vc_column width=&#8221;1\/2&#8243;][vc_column_text el_class=&#8221;leftrightimagetext&#8221;]<\/p>\n<h2><span style=\"color: #ffd105;\">Ochrana a podpora<\/span><br \/>\n<span style=\"color: #ffd105;\">pro Va\u0161e zdrav\u00ed<\/span><\/h2>\n<p>Zav\u00e1d\u00edme v\u00fdsledky na\u0161eho v\u00fdzkumu do praxe \u2013 vyr\u00e1b\u00edme origin\u00e1ln\u00ed suroviny, kter\u00e9 d\u00e1le formulujeme tak, aby fin\u00e1ln\u00ed produkty byl pro lidsk\u00e9 t\u011blo biologicky dostupn\u00e9.<\/p>\n<p>Chceme d\u00e1t ka\u017ed\u00e9mu mo\u017enost odpov\u011bd\u011bt na rozd\u00edl, na jak\u00e9 podm\u00ednky je na\u0161e t\u011blo stav\u011bn\u00e9 a t\u00edm, v jak\u00fdch denn\u011b \u017eijeme.[\/vc_column_text][vc_btn title=&#8221;Na\u0161e produkty&#8221; align=&#8221;left&#8221; underlineimage=&#8221;15&#8243; underlinecolor=&#8221;#ffd105&#8243; textcolor=&#8221;#0a0a0a&#8221; css=&#8221;.vc_custom_1611582285694{margin-top: 30px !important;}&#8221; link=&#8221;url:%2Fprodukty%2F|title:Produkty&#8221;][\/vc_column][\/vc_row][vc_row full_width=&#8221;stretch_row&#8221; css=&#8221;.vc_custom_1611004344489{padding-top: 80px !important;padding-bottom: 30px !important;background-color: #ffd105 !important;}&#8221;][vc_column width=&#8221;1\/2&#8243; css=&#8221;.vc_custom_1611004287649{padding-top: 15px !important;}&#8221;][vc_column_text el_class=&#8221;leftrightimagetext&#8221;]<\/p>\n<h2 style=\"text-align: right;\"><span style=\"color: #ffffff;\">INOVACE<\/span><br \/>\n<span style=\"color: #ffffff;\">A ORIGINALITA<\/span><\/h2>\n<p style=\"text-align: right;\">Jsme \u010desk\u00e1 inovativn\u00ed v\u00fdzkumn\u00e1 organizace investuj\u00edc\u00ed do v\u00fdzkumu, vzd\u011bl\u00e1v\u00e1n\u00ed a rychl\u00e9ho zav\u00e1d\u011bn\u00ed v\u00fdsledk\u016f do praxe s d\u016frazem na progresivn\u00ed (high-tech) technologie.<\/p>\n<p>[\/vc_column_text][vc_btn title=&#8221;V\u00edce o N\u00c1S&#8221; align=&#8221;right&#8221; underlineimage=&#8221;15&#8243; underlinecolor=&#8221;#ffffff&#8221; textcolor=&#8221;#0a0a0a&#8221; css=&#8221;.vc_custom_1611582297126{margin-top: 30px !important;}&#8221; link=&#8221;url:%2Fo-nas%2F&#8221;][\/vc_column][vc_column width=&#8221;1\/2&#8243; css=&#8221;.vc_custom_1611004329671{padding-top: 0px !important;}&#8221;][vc_single_image image=&#8221;587&#8243; img_size=&#8221;full&#8221; alignment=&#8221;center&#8221; maxwidth=&#8221;350&#8243; css=&#8221;.vc_custom_1614157300981{padding-top: 0px !important;}&#8221;][\/vc_column][\/vc_row]<\/p>\n","protected":false},"excerpt":{"rendered":"<p>[vc_row full_width=&#8221;stretch_row_content&#8221; css=&#8221;.vc_custom_1616671460400{padding-top: 150px !important;padding-bottom: 450px !important;background: #ffc10e url(https:\/\/www.nexars.com\/wp-content\/uploads\/2021\/03\/Anim_10_FINAL_web-01_Animated_CSS-3.svg?id=717) !important;background-position: center !important;background-repeat: no-repeat !important;background-size: contain !important;}&#8221; el_class=&#8221;background_center homeanimation&#8221;][vc_column][\/vc_column][\/vc_row][vc_row][vc_column css=&#8221;.vc_custom_1611002807663{margin-top: -180px !important;}&#8221;][vc_row_inner][vc_column_inner width=&#8221;1\/2&#8243;][vc_column_text css=&#8221;.vc_custom_1611005961067{margin-bottom: 10px !important;}&#8221;] AKTU\u00c1LN\u011a V NEXARS [\/vc_column_text][\/vc_column_inner][vc_column_inner width=&#8221;1\/2&#8243;][vc_column_text css=&#8221;.vc_custom_1615283549183{margin-bottom: 10px !important;}&#8221;][\/vc_column_text][\/vc_column_inner][\/vc_row_inner][vc_row_inner][vc_column_inner el_class=&#8221;dropshadowrow radiusblock&#8221; css=&#8221;.vc_custom_1614507763978{padding-top: 30px !important;padding-right: 40px !important;padding-left: 40px !important;background-color: #ffffff !important;}&#8221;][\/vc_column_inner][\/vc_row_inner][\/vc_column][\/vc_row][vc_row full_width=&#8221;stretch_row&#8221; css=&#8221;.vc_custom_1611004145808{padding-top: 80px !important;padding-bottom: 30px !important;}&#8221;][vc_column width=&#8221;1\/2&#8243;][vc_single_image image=&#8221;582&#8243; img_size=&#8221;full&#8221; alignment=&#8221;center&#8221; maxwidth=&#8221;380&#8243;][\/vc_column][vc_column [&hellip;]<\/p>\n","protected":false},"author":1,"featured_media":0,"parent":0,"menu_order":0,"comment_status":"closed","ping_status":"closed","template":"","meta":{"footnotes":""},"class_list":["post-22","page","type-page","status-publish","hentry"],"yoast_head":"<!-- This site is optimized with the Yoast SEO plugin v15.7 - https:\/\/yoast.com\/wordpress\/plugins\/seo\/ -->\n<title>Domovsk\u00e1 str\u00e1nka - NEXARS<\/title>\n<meta name=\"robots\" content=\"index, follow, max-snippet:-1, max-image-preview:large, max-video-preview:-1\" \/>\n<link rel=\"canonical\" href=\"https:\/\/www.nexars.com\/cs\/\" \/>\n<meta property=\"og:locale\" content=\"cs_CZ\" \/>\n<meta property=\"og:type\" content=\"article\" \/>\n<meta property=\"og:title\" content=\"Domovsk\u00e1 str\u00e1nka - NEXARS\" \/>\n<meta property=\"og:description\" content=\"[vc_row full_width=&#8221;stretch_row_content&#8221; css=&#8221;.vc_custom_1616671460400{padding-top: 150px !important;padding-bottom: 450px !important;background: #ffc10e url(https:\/\/www.nexars.com\/wp-content\/uploads\/2021\/03\/Anim_10_FINAL_web-01_Animated_CSS-3.svg?id=717) !important;background-position: center !important;background-repeat: no-repeat !important;background-size: contain !important;}&#8221; el_class=&#8221;background_center homeanimation&#8221;][vc_column][\/vc_column][\/vc_row][vc_row][vc_column css=&#8221;.vc_custom_1611002807663{margin-top: -180px !important;}&#8221;][vc_row_inner][vc_column_inner width=&#8221;1\/2&#8243;][vc_column_text css=&#8221;.vc_custom_1611005961067{margin-bottom: 10px !important;}&#8221;] AKTU\u00c1LN\u011a V NEXARS [\/vc_column_text][\/vc_column_inner][vc_column_inner width=&#8221;1\/2&#8243;][vc_column_text css=&#8221;.vc_custom_1615283549183{margin-bottom: 10px !important;}&#8221;][\/vc_column_text][\/vc_column_inner][\/vc_row_inner][vc_row_inner][vc_column_inner el_class=&#8221;dropshadowrow radiusblock&#8221; css=&#8221;.vc_custom_1614507763978{padding-top: 30px !important;padding-right: 40px !important;padding-left: 40px !important;background-color: #ffffff !important;}&#8221;][\/vc_column_inner][\/vc_row_inner][\/vc_column][\/vc_row][vc_row full_width=&#8221;stretch_row&#8221; css=&#8221;.vc_custom_1611004145808{padding-top: 80px !important;padding-bottom: 30px !important;}&#8221;][vc_column width=&#8221;1\/2&#8243;][vc_single_image image=&#8221;582&#8243; img_size=&#8221;full&#8221; alignment=&#8221;center&#8221; maxwidth=&#8221;380&#8243;][\/vc_column][vc_column [&hellip;]\" \/>\n<meta property=\"og:url\" content=\"https:\/\/www.nexars.com\/cs\/\" \/>\n<meta property=\"og:site_name\" content=\"NEXARS\" \/>\n<meta property=\"article:modified_time\" content=\"2021-03-25T11:24:22+00:00\" \/>\n<meta name=\"twitter:card\" content=\"summary_large_image\" \/>\n<meta name=\"twitter:label1\" content=\"Odhadovan\u00e1 doba \u010dten\u00ed\">\n\t<meta name=\"twitter:data1\" content=\"2 minuty\">\n<script type=\"application\/ld+json\" class=\"yoast-schema-graph\">{\"@context\":\"https:\/\/schema.org\",\"@graph\":[{\"@type\":\"WebSite\",\"@id\":\"https:\/\/www.nexars.com\/cs\/#website\",\"url\":\"https:\/\/www.nexars.com\/cs\/\",\"name\":\"NEXARS\",\"description\":\"\",\"potentialAction\":[{\"@type\":\"SearchAction\",\"target\":\"https:\/\/www.nexars.com\/cs\/?s={search_term_string}\",\"query-input\":\"required name=search_term_string\"}],\"inLanguage\":\"cs\"},{\"@type\":\"WebPage\",\"@id\":\"https:\/\/www.nexars.com\/cs\/#webpage\",\"url\":\"https:\/\/www.nexars.com\/cs\/\",\"name\":\"Domovsk\\u00e1 str\\u00e1nka - NEXARS\",\"isPartOf\":{\"@id\":\"https:\/\/www.nexars.com\/cs\/#website\"},\"datePublished\":\"2021-01-18T20:29:31+00:00\",\"dateModified\":\"2021-03-25T11:24:22+00:00\",\"inLanguage\":\"cs\",\"potentialAction\":[{\"@type\":\"ReadAction\",\"target\":[\"https:\/\/www.nexars.com\/cs\/\"]}]}]}<\/script>\n<!-- \/ Yoast SEO plugin. -->","_links":{"self":[{"href":"https:\/\/www.nexars.com\/cs\/wp-json\/wp\/v2\/pages\/22","targetHints":{"allow":["GET"]}}],"collection":[{"href":"https:\/\/www.nexars.com\/cs\/wp-json\/wp\/v2\/pages"}],"about":[{"href":"https:\/\/www.nexars.com\/cs\/wp-json\/wp\/v2\/types\/page"}],"author":[{"embeddable":true,"href":"https:\/\/www.nexars.com\/cs\/wp-json\/wp\/v2\/users\/1"}],"replies":[{"embeddable":true,"href":"https:\/\/www.nexars.com\/cs\/wp-json\/wp\/v2\/comments?post=22"}],"version-history":[{"count":101,"href":"https:\/\/www.nexars.com\/cs\/wp-json\/wp\/v2\/pages\/22\/revisions"}],"predecessor-version":[{"id":1158,"href":"https:\/\/www.nexars.com\/cs\/wp-json\/wp\/v2\/pages\/22\/revisions\/1158"}],"wp:attachment":[{"href":"https:\/\/www.nexars.com\/cs\/wp-json\/wp\/v2\/media?parent=22"}],"curies":[{"name":"wp","href":"https:\/\/api.w.org\/{rel}","templated":true}]}}