{"id":147,"date":"2021-01-19T19:08:36","date_gmt":"2021-01-19T18:08:36","guid":{"rendered":"https:\/\/nexars.majwee.com\/?page_id=147"},"modified":"2021-02-26T10:45:00","modified_gmt":"2021-02-26T09:45:00","slug":"vzdelavani","status":"publish","type":"page","link":"https:\/\/www.nexars.com\/cs\/vzdelavani\/","title":{"rendered":"Vzd\u011bl\u00e1v\u00e1n\u00ed"},"content":{"rendered":"<p>[vc_row full_width=&#8221;stretch_row&#8221; css=&#8221;.vc_custom_1614157437483{padding-top: 150px !important;padding-bottom: 150px !important;background-position: center !important;background-repeat: no-repeat !important;background-size: contain !important;}&#8221; el_class=&#8221;background_center specialbackground&#8221;][vc_column width=&#8221;1\/6&#8243;][\/vc_column][vc_column width=&#8221;2\/3&#8243;]<div class=\"\"><h1 style=\"font-weight: 300; line-height: 3.3333333333333rem; text-transform: initial; text-align: center; color: #ffd105; font-size: 3.3333333333333rem\" class=\"custom-title\">Vzd\u011bl\u00e1v\u00e1n\u00ed<\/h1><\/div>[vc_column_text css=&#8221;.vc_custom_1614332639696{padding-top: 60px !important;}&#8221;]<\/p>\n<p style=\"text-align: center;\">Zdrav\u00ed je to nejcenn\u011bj\u0161\u00ed co m\u00e1me, a proto V\u00e1m na na\u0161\u00edch str\u00e1nk\u00e1ch p\u0159in\u00e1\u0161\u00edme pouze garantovan\u00e9 informace, kter\u00e9 pro\u0161ly odborn\u00fdm dohledem.<\/p>\n<p>[\/vc_column_text][\/vc_column][vc_column width=&#8221;1\/6&#8243;][\/vc_column][\/vc_row][vc_row full_width=&#8221;stretch_row&#8221; content_placement=&#8221;middle&#8221; css=&#8221;.vc_custom_1614332697965{padding-top: 40px !important;padding-bottom: 30px !important;background-color: #ffd105 !important;}&#8221;][vc_column css=&#8221;.vc_custom_1611004287649{padding-top: 15px !important;}&#8221;][vc_column_text css=&#8221;.vc_custom_1614332597476{padding-top: 20px !important;padding-bottom: 20px !important;}&#8221;]<\/p>\n<h2 style=\"text-align: center;\"><span style=\"color: #ffd105;\"><span style=\"color: #ffffff;\">AKTU\u00c1LN\u011a P\u0158IPRAVUJEME<\/span><br \/>\n<\/span><\/h2>\n<p>[\/vc_column_text][\/vc_column][\/vc_row][vc_row full_width=&#8221;stretch_row&#8221; disable_element=&#8221;yes&#8221; css=&#8221;.vc_custom_1614332548914{padding-top: 80px !important;background-color: #ffd105 !important;}&#8221;][vc_column css=&#8221;.vc_custom_1611004287649{padding-top: 15px !important;}&#8221;][vc_column_text css=&#8221;.vc_custom_1611079993118{padding-top: 20px !important;padding-bottom: 20px !important;}&#8221;]<\/p>\n<h2 style=\"text-align: center;\"><span style=\"color: #ffd105;\"><span style=\"color: #ffffff;\">NEXARS E-LEARNING<\/span><br \/>\n<\/span><\/h2>\n<p>[\/vc_column_text][\/vc_column][\/vc_row][vc_row full_width=&#8221;stretch_row&#8221; gap=&#8221;35&#8243; disable_element=&#8221;yes&#8221; css=&#8221;.vc_custom_1614332552969{padding-bottom: 80px !important;background-color: #ffd105 !important;}&#8221;][vc_column width=&#8221;1\/2&#8243;]<div class=\" vc_custom_1611147555535\"><h3 style=\"font-weight: 400; line-height: 2.2222222222222rem; text-transform: uppercase; text-align: left; color: #ffffff; font-size: 1.6666666666667rem\" class=\"custom-title\">Pro odbornou ve\u0159ejnost<\/h3><\/div>[vc_column_text css=&#8221;.vc_custom_1611079852834{padding-top: 20px !important;padding-bottom: 20px !important;}&#8221;]<\/p>\n<p style=\"text-align: left;\">Lorem ipsum dolor sit amet, consectetur adipiscing elit. Donec non erat porta, pellentesque nibh quis, ornare enim. Praesent viverra pulvinar eros vitae hendrerit. Donec ac sapien vitae magna maximus faucibus. Praesent ultricies velit laoreet posuere finibus. Nullam sed nisl lacinia, accumsan lacus suscipit, ornare nisi.<\/p>\n<p>[\/vc_column_text][vc_btn title=&#8221;REGISTROVAT SE&#8221; align=&#8221;left&#8221; underlineimage=&#8221;15&#8243; underlinecolor=&#8221;#ffffff&#8221; textcolor=&#8221;#0a0a0a&#8221; css=&#8221;.vc_custom_1611079774689{margin-top: 30px !important;}&#8221;][\/vc_column][vc_column width=&#8221;1\/2&#8243;]<div class=\" vc_custom_1611147558430\"><h3 style=\"font-weight: 400; line-height: 2.2222222222222rem; text-transform: uppercase; text-align: left; color: #ffffff; font-size: 1.6666666666667rem\" class=\"custom-title\">Pro laickou ve\u0159ejnost<\/h3><\/div>[vc_column_text css=&#8221;.vc_custom_1611079836071{padding-top: 20px !important;padding-bottom: 20px !important;}&#8221;]<\/p>\n<p style=\"text-align: left;\">Lorem ipsum dolor sit amet, consectetur adipiscing elit. Donec non erat porta, pellentesque nibh quis, ornare enim. Praesent viverra pulvinar eros vitae hendrerit. Donec ac sapien vitae magna maximus faucibus. Praesent ultricies velit laoreet posuere finibus. Nullam sed nisl lacinia, accumsan lacus suscipit, ornare nisi.<\/p>\n<p>[\/vc_column_text][vc_btn title=&#8221;ZA\u010c\u00cdT S E-LEARNINGEM&#8221; align=&#8221;left&#8221; underlineimage=&#8221;15&#8243; underlinecolor=&#8221;#ffffff&#8221; textcolor=&#8221;#0a0a0a&#8221; css=&#8221;.vc_custom_1611079779489{margin-top: 30px !important;}&#8221;][\/vc_column][\/vc_row][vc_row full_width=&#8221;stretch_row&#8221; disable_element=&#8221;yes&#8221; css=&#8221;.vc_custom_1614332557305{padding-top: 80px !important;padding-bottom: 20px !important;}&#8221;][vc_column el_class=&#8221;row_01&#8243;]<div class=\" vc_custom_1611147620291\"><h2 style=\"font-weight: 400; line-height: 3.0555555555556rem; text-transform: uppercase; text-align: center; color: #ffd105; font-size: 2.5rem\" class=\"custom-title\">AKTU\u00c1LN\u00cd V\u00ddUKOV\u00c9 PROGRAMY<\/h2><\/div>[\/vc_column][\/vc_row][vc_row full_width=&#8221;stretch_row&#8221; disable_element=&#8221;yes&#8221; css=&#8221;.vc_custom_1614332560649{padding-top: 80px !important;padding-bottom: 30px !important;}&#8221;][vc_column width=&#8221;1\/2&#8243;][\/vc_column][vc_column width=&#8221;1\/2&#8243;]<div class=\" vc_custom_1611572253270\"><h3 style=\"font-weight: 400; line-height: 2.2222222222222rem; text-transform: uppercase; text-align: left; color: #ffd105; font-size: 1.6666666666667rem\" class=\"custom-title\">Principy imunitn\u00ed reakce<\/h3><\/div>[vc_column_text el_class=&#8221;leftrightimagetext&#8221;]Lorem ipsum dolor sit amet, consectetur adipiscing elit. Mauris luctus aliquam mollis. Morbi venenatis cursus magna, vitae malesuada quam iaculis et. Fusce at vehicula ante. Vestibulum lobortis auctor purus. Aliquam nisl ligula, viverra non vulputate id, laoreet eget sem.<\/p>\n<p>Integer sodales at orci at vulputate. Donec vestibulum tempus massa quis eleifend. Nullam in ex egestas, consectetur est non, aliquet lacus. Ut quis convallis metus. Vivamus sagittis finibus tortor id bibendum[\/vc_column_text][vc_btn title=&#8221;P\u0158EJ\u00cdT NA E-LEARNING&#8221; underlineimage=&#8221;15&#8243; underlinecolor=&#8221;#ffd105&#8243; textcolor=&#8221;#0a0a0a&#8221; css=&#8221;.vc_custom_1611572221593{margin-top: 30px !important;}&#8221;][\/vc_column][\/vc_row][vc_row full_width=&#8221;stretch_row&#8221; disable_element=&#8221;yes&#8221; css=&#8221;.vc_custom_1614332564681{padding-top: 80px !important;padding-bottom: 30px !important;background-color: #f7f7f7 !important;}&#8221;][vc_column width=&#8221;1\/2&#8243;][\/vc_column][vc_column width=&#8221;1\/2&#8243;]<div class=\" vc_custom_1611147712489\"><h3 style=\"font-weight: 400; line-height: 2.2222222222222rem; text-transform: uppercase; text-align: left; color: #ffd105; font-size: 1.6666666666667rem\" class=\"custom-title\">N\u00c1ZEV PROGRAMU #2<\/h3><\/div>[vc_column_text el_class=&#8221;leftrightimagetext&#8221;]Lorem ipsum dolor sit amet, consectetur adipiscing elit. Mauris luctus aliquam mollis. Morbi venenatis cursus magna, vitae malesuada quam iaculis et. Fusce at vehicula ante. Vestibulum lobortis auctor purus. Aliquam nisl ligula, viverra non vulputate id, laoreet eget sem.<\/p>\n<p>Integer sodales at orci at vulputate. Donec vestibulum tempus massa quis eleifend. Nullam in ex egestas, consectetur est non, aliquet lacus. Ut quis convallis metus. Vivamus sagittis finibus tortor id bibendum[\/vc_column_text][vc_btn title=&#8221;P\u0158EJ\u00cdT NA E-LEARNING&#8221; underlineimage=&#8221;15&#8243; underlinecolor=&#8221;#ffd105&#8243; textcolor=&#8221;#0a0a0a&#8221; css=&#8221;.vc_custom_1611572225641{margin-top: 30px !important;}&#8221;][\/vc_column][\/vc_row][vc_row full_width=&#8221;stretch_row&#8221; disable_element=&#8221;yes&#8221; css=&#8221;.vc_custom_1614332568188{padding-top: 80px !important;padding-bottom: 30px !important;}&#8221;][vc_column width=&#8221;1\/2&#8243;][\/vc_column][vc_column width=&#8221;1\/2&#8243;]<div class=\" vc_custom_1611147721176\"><h3 style=\"font-weight: 400; line-height: 2.2222222222222rem; text-transform: uppercase; text-align: left; color: #ffd105; font-size: 1.6666666666667rem\" class=\"custom-title\">N\u00c1ZEV PROGRAMU #3<\/h3><\/div>[vc_column_text el_class=&#8221;leftrightimagetext&#8221;]Lorem ipsum dolor sit amet, consectetur adipiscing elit. Mauris luctus aliquam mollis. Morbi venenatis cursus magna, vitae malesuada quam iaculis et. Fusce at vehicula ante. Vestibulum lobortis auctor purus. Aliquam nisl ligula, viverra non vulputate id, laoreet eget sem.<\/p>\n<p>Integer sodales at orci at vulputate. Donec vestibulum tempus massa quis eleifend. Nullam in ex egestas, consectetur est non, aliquet lacus. Ut quis convallis metus. Vivamus sagittis finibus tortor id bibendum[\/vc_column_text][vc_btn title=&#8221;P\u0158EJ\u00cdT NA E-LEARNING&#8221; underlineimage=&#8221;15&#8243; underlinecolor=&#8221;#ffd105&#8243; textcolor=&#8221;#0a0a0a&#8221; css=&#8221;.vc_custom_1611572229788{margin-top: 30px !important;}&#8221;][\/vc_column][\/vc_row]<\/p>\n","protected":false},"excerpt":{"rendered":"<p>[vc_row full_width=&#8221;stretch_row&#8221; css=&#8221;.vc_custom_1614157437483{padding-top: 150px !important;padding-bottom: 150px !important;background-position: center !important;background-repeat: no-repeat !important;background-size: contain !important;}&#8221; el_class=&#8221;background_center specialbackground&#8221;][vc_column width=&#8221;1\/6&#8243;][\/vc_column][vc_column width=&#8221;2\/3&#8243;][vc_column_text css=&#8221;.vc_custom_1614332639696{padding-top: 60px !important;}&#8221;] Zdrav\u00ed je to nejcenn\u011bj\u0161\u00ed co m\u00e1me, a proto V\u00e1m na na\u0161\u00edch str\u00e1nk\u00e1ch p\u0159in\u00e1\u0161\u00edme pouze garantovan\u00e9 informace, kter\u00e9 pro\u0161ly odborn\u00fdm dohledem. [\/vc_column_text][\/vc_column][vc_column width=&#8221;1\/6&#8243;][\/vc_column][\/vc_row][vc_row full_width=&#8221;stretch_row&#8221; content_placement=&#8221;middle&#8221; css=&#8221;.vc_custom_1614332697965{padding-top: 40px !important;padding-bottom: 30px !important;background-color: #ffd105 !important;}&#8221;][vc_column css=&#8221;.vc_custom_1611004287649{padding-top: 15px !important;}&#8221;][vc_column_text css=&#8221;.vc_custom_1614332597476{padding-top: [&hellip;]<\/p>\n","protected":false},"author":1,"featured_media":0,"parent":0,"menu_order":0,"comment_status":"closed","ping_status":"closed","template":"","meta":{"footnotes":""},"class_list":["post-147","page","type-page","status-publish","hentry"],"yoast_head":"<!-- This site is optimized with the Yoast SEO plugin v15.7 - https:\/\/yoast.com\/wordpress\/plugins\/seo\/ -->\n<title>Vzd\u011bl\u00e1v\u00e1n\u00ed - NEXARS<\/title>\n<meta name=\"robots\" content=\"index, follow, max-snippet:-1, max-image-preview:large, max-video-preview:-1\" \/>\n<link rel=\"canonical\" href=\"https:\/\/www.nexars.com\/cs\/vzdelavani\/\" \/>\n<meta property=\"og:locale\" content=\"cs_CZ\" \/>\n<meta property=\"og:type\" content=\"article\" \/>\n<meta property=\"og:title\" content=\"Vzd\u011bl\u00e1v\u00e1n\u00ed - NEXARS\" \/>\n<meta property=\"og:description\" content=\"[vc_row full_width=&#8221;stretch_row&#8221; css=&#8221;.vc_custom_1614157437483{padding-top: 150px !important;padding-bottom: 150px !important;background-position: center !important;background-repeat: no-repeat !important;background-size: contain !important;}&#8221; el_class=&#8221;background_center specialbackground&#8221;][vc_column width=&#8221;1\/6&#8243;][\/vc_column][vc_column width=&#8221;2\/3&#8243;][vc_column_text css=&#8221;.vc_custom_1614332639696{padding-top: 60px !important;}&#8221;] Zdrav\u00ed je to nejcenn\u011bj\u0161\u00ed co m\u00e1me, a proto V\u00e1m na na\u0161\u00edch str\u00e1nk\u00e1ch p\u0159in\u00e1\u0161\u00edme pouze garantovan\u00e9 informace, kter\u00e9 pro\u0161ly odborn\u00fdm dohledem. [\/vc_column_text][\/vc_column][vc_column width=&#8221;1\/6&#8243;][\/vc_column][\/vc_row][vc_row full_width=&#8221;stretch_row&#8221; content_placement=&#8221;middle&#8221; css=&#8221;.vc_custom_1614332697965{padding-top: 40px !important;padding-bottom: 30px !important;background-color: #ffd105 !important;}&#8221;][vc_column css=&#8221;.vc_custom_1611004287649{padding-top: 15px !important;}&#8221;][vc_column_text css=&#8221;.vc_custom_1614332597476{padding-top: [&hellip;]\" \/>\n<meta property=\"og:url\" content=\"https:\/\/www.nexars.com\/cs\/vzdelavani\/\" \/>\n<meta property=\"og:site_name\" content=\"NEXARS\" \/>\n<meta property=\"article:modified_time\" content=\"2021-02-26T09:45:00+00:00\" \/>\n<meta name=\"twitter:card\" content=\"summary_large_image\" \/>\n<meta name=\"twitter:label1\" content=\"Odhadovan\u00e1 doba \u010dten\u00ed\">\n\t<meta name=\"twitter:data1\" content=\"3 minuty\">\n<script type=\"application\/ld+json\" class=\"yoast-schema-graph\">{\"@context\":\"https:\/\/schema.org\",\"@graph\":[{\"@type\":\"WebSite\",\"@id\":\"https:\/\/www.nexars.com\/cs\/#website\",\"url\":\"https:\/\/www.nexars.com\/cs\/\",\"name\":\"NEXARS\",\"description\":\"\",\"potentialAction\":[{\"@type\":\"SearchAction\",\"target\":\"https:\/\/www.nexars.com\/cs\/?s={search_term_string}\",\"query-input\":\"required name=search_term_string\"}],\"inLanguage\":\"cs\"},{\"@type\":\"WebPage\",\"@id\":\"https:\/\/www.nexars.com\/cs\/vzdelavani\/#webpage\",\"url\":\"https:\/\/www.nexars.com\/cs\/vzdelavani\/\",\"name\":\"Vzd\\u011bl\\u00e1v\\u00e1n\\u00ed - NEXARS\",\"isPartOf\":{\"@id\":\"https:\/\/www.nexars.com\/cs\/#website\"},\"datePublished\":\"2021-01-19T18:08:36+00:00\",\"dateModified\":\"2021-02-26T09:45:00+00:00\",\"inLanguage\":\"cs\",\"potentialAction\":[{\"@type\":\"ReadAction\",\"target\":[\"https:\/\/www.nexars.com\/cs\/vzdelavani\/\"]}]}]}<\/script>\n<!-- \/ Yoast SEO plugin. -->","_links":{"self":[{"href":"https:\/\/www.nexars.com\/cs\/wp-json\/wp\/v2\/pages\/147","targetHints":{"allow":["GET"]}}],"collection":[{"href":"https:\/\/www.nexars.com\/cs\/wp-json\/wp\/v2\/pages"}],"about":[{"href":"https:\/\/www.nexars.com\/cs\/wp-json\/wp\/v2\/types\/page"}],"author":[{"embeddable":true,"href":"https:\/\/www.nexars.com\/cs\/wp-json\/wp\/v2\/users\/1"}],"replies":[{"embeddable":true,"href":"https:\/\/www.nexars.com\/cs\/wp-json\/wp\/v2\/comments?post=147"}],"version-history":[{"count":42,"href":"https:\/\/www.nexars.com\/cs\/wp-json\/wp\/v2\/pages\/147\/revisions"}],"predecessor-version":[{"id":624,"href":"https:\/\/www.nexars.com\/cs\/wp-json\/wp\/v2\/pages\/147\/revisions\/624"}],"wp:attachment":[{"href":"https:\/\/www.nexars.com\/cs\/wp-json\/wp\/v2\/media?parent=147"}],"curies":[{"name":"wp","href":"https:\/\/api.w.org\/{rel}","templated":true}]}}